{"id":362,"date":"2017-06-06T14:04:35","date_gmt":"2017-06-06T12:04:35","guid":{"rendered":"http:\/\/www.montblancproductions.fr\/actualites\/?lang=en"},"modified":"2017-10-18T18:04:20","modified_gmt":"2017-10-18T16:04:20","slug":"news","status":"publish","type":"page","link":"https:\/\/www.montblancproductions.fr\/en\/news\/","title":{"rendered":"News"},"content":{"rendered":"","protected":false},"excerpt":{"rendered":"","protected":false},"author":2,"featured_media":0,"parent":0,"menu_order":4,"comment_status":"closed","ping_status":"closed","template":"views\/page-actualites.blade.php","meta":{"_acf_changed":false,"inline_featured_image":false,"footnotes":""},"class_list":["post-362","page","type-page","status-publish","hentry"],"acf":[],"yoast_head":"<!-- This site is optimized with the Yoast SEO plugin v26.6 - https:\/\/yoast.com\/wordpress\/plugins\/seo\/ -->\n<title>News - Mont Blanc Productions<\/title>\n<meta name=\"robots\" content=\"index, follow, max-snippet:-1, max-image-preview:large, max-video-preview:-1\" \/>\n<link rel=\"canonical\" href=\"https:\/\/www.montblancproductions.fr\/en\/news\/\" \/>\n<meta property=\"og:locale\" content=\"en_US\" \/>\n<meta property=\"og:type\" content=\"article\" \/>\n<meta property=\"og:title\" content=\"News - Mont Blanc Productions\" \/>\n<meta property=\"og:url\" content=\"https:\/\/www.montblancproductions.fr\/en\/news\/\" \/>\n<meta property=\"og:site_name\" content=\"Mont Blanc Productions\" \/>\n<meta property=\"article:modified_time\" content=\"2017-10-18T16:04:20+00:00\" \/>\n<meta name=\"twitter:card\" content=\"summary_large_image\" \/>\n<script type=\"application\/ld+json\" class=\"yoast-schema-graph\">{\"@context\":\"https:\/\/schema.org\",\"@graph\":[{\"@type\":\"WebPage\",\"@id\":\"https:\/\/www.montblancproductions.fr\/en\/news\/\",\"url\":\"https:\/\/www.montblancproductions.fr\/en\/news\/\",\"name\":\"News - Mont Blanc Productions\",\"isPartOf\":{\"@id\":\"https:\/\/www.montblancproductions.fr\/#website\"},\"datePublished\":\"2017-06-06T12:04:35+00:00\",\"dateModified\":\"2017-10-18T16:04:20+00:00\",\"breadcrumb\":{\"@id\":\"https:\/\/www.montblancproductions.fr\/en\/news\/#breadcrumb\"},\"inLanguage\":\"en-US\",\"potentialAction\":[{\"@type\":\"ReadAction\",\"target\":[\"https:\/\/www.montblancproductions.fr\/en\/news\/\"]}]},{\"@type\":\"BreadcrumbList\",\"@id\":\"https:\/\/www.montblancproductions.fr\/en\/news\/#breadcrumb\",\"itemListElement\":[{\"@type\":\"ListItem\",\"position\":1,\"name\":\"Accueil\",\"item\":\"https:\/\/www.montblancproductions.fr\/en\/\"},{\"@type\":\"ListItem\",\"position\":2,\"name\":\"News\"}]},{\"@type\":\"WebSite\",\"@id\":\"https:\/\/www.montblancproductions.fr\/#website\",\"url\":\"https:\/\/www.montblancproductions.fr\/\",\"name\":\"Mont Blanc Productions\",\"description\":\"PI\u00c8CES M\u00c9CANIQUES DE HAUTE PR\u00c9CISION\",\"publisher\":{\"@id\":\"https:\/\/www.montblancproductions.fr\/#organization\"},\"potentialAction\":[{\"@type\":\"SearchAction\",\"target\":{\"@type\":\"EntryPoint\",\"urlTemplate\":\"https:\/\/www.montblancproductions.fr\/?s={search_term_string}\"},\"query-input\":{\"@type\":\"PropertyValueSpecification\",\"valueRequired\":true,\"valueName\":\"search_term_string\"}}],\"inLanguage\":\"en-US\"},{\"@type\":\"Organization\",\"@id\":\"https:\/\/www.montblancproductions.fr\/#organization\",\"name\":\"Mont Blanc Productions\",\"url\":\"https:\/\/www.montblancproductions.fr\/\",\"logo\":{\"@type\":\"ImageObject\",\"inLanguage\":\"en-US\",\"@id\":\"https:\/\/www.montblancproductions.fr\/#\/schema\/logo\/image\/\",\"url\":\"https:\/\/www.montblancproductions.fr\/wp-content\/uploads\/formidable\/5\/logo-mbp-couleur.jpg\",\"contentUrl\":\"https:\/\/www.montblancproductions.fr\/wp-content\/uploads\/formidable\/5\/logo-mbp-couleur.jpg\",\"width\":1167,\"height\":435,\"caption\":\"Mont Blanc Productions\"},\"image\":{\"@id\":\"https:\/\/www.montblancproductions.fr\/#\/schema\/logo\/image\/\"}}]}<\/script>\n<!-- \/ Yoast SEO plugin. -->","yoast_head_json":{"title":"News - Mont Blanc Productions","robots":{"index":"index","follow":"follow","max-snippet":"max-snippet:-1","max-image-preview":"max-image-preview:large","max-video-preview":"max-video-preview:-1"},"canonical":"https:\/\/www.montblancproductions.fr\/en\/news\/","og_locale":"en_US","og_type":"article","og_title":"News - Mont Blanc Productions","og_url":"https:\/\/www.montblancproductions.fr\/en\/news\/","og_site_name":"Mont Blanc Productions","article_modified_time":"2017-10-18T16:04:20+00:00","twitter_card":"summary_large_image","schema":{"@context":"https:\/\/schema.org","@graph":[{"@type":"WebPage","@id":"https:\/\/www.montblancproductions.fr\/en\/news\/","url":"https:\/\/www.montblancproductions.fr\/en\/news\/","name":"News - Mont Blanc Productions","isPartOf":{"@id":"https:\/\/www.montblancproductions.fr\/#website"},"datePublished":"2017-06-06T12:04:35+00:00","dateModified":"2017-10-18T16:04:20+00:00","breadcrumb":{"@id":"https:\/\/www.montblancproductions.fr\/en\/news\/#breadcrumb"},"inLanguage":"en-US","potentialAction":[{"@type":"ReadAction","target":["https:\/\/www.montblancproductions.fr\/en\/news\/"]}]},{"@type":"BreadcrumbList","@id":"https:\/\/www.montblancproductions.fr\/en\/news\/#breadcrumb","itemListElement":[{"@type":"ListItem","position":1,"name":"Accueil","item":"https:\/\/www.montblancproductions.fr\/en\/"},{"@type":"ListItem","position":2,"name":"News"}]},{"@type":"WebSite","@id":"https:\/\/www.montblancproductions.fr\/#website","url":"https:\/\/www.montblancproductions.fr\/","name":"Mont Blanc Productions","description":"PI\u00c8CES M\u00c9CANIQUES DE HAUTE PR\u00c9CISION","publisher":{"@id":"https:\/\/www.montblancproductions.fr\/#organization"},"potentialAction":[{"@type":"SearchAction","target":{"@type":"EntryPoint","urlTemplate":"https:\/\/www.montblancproductions.fr\/?s={search_term_string}"},"query-input":{"@type":"PropertyValueSpecification","valueRequired":true,"valueName":"search_term_string"}}],"inLanguage":"en-US"},{"@type":"Organization","@id":"https:\/\/www.montblancproductions.fr\/#organization","name":"Mont Blanc Productions","url":"https:\/\/www.montblancproductions.fr\/","logo":{"@type":"ImageObject","inLanguage":"en-US","@id":"https:\/\/www.montblancproductions.fr\/#\/schema\/logo\/image\/","url":"https:\/\/www.montblancproductions.fr\/wp-content\/uploads\/formidable\/5\/logo-mbp-couleur.jpg","contentUrl":"https:\/\/www.montblancproductions.fr\/wp-content\/uploads\/formidable\/5\/logo-mbp-couleur.jpg","width":1167,"height":435,"caption":"Mont Blanc Productions"},"image":{"@id":"https:\/\/www.montblancproductions.fr\/#\/schema\/logo\/image\/"}}]}},"_links":{"self":[{"href":"https:\/\/www.montblancproductions.fr\/en\/wp-json\/wp\/v2\/pages\/362","targetHints":{"allow":["GET"]}}],"collection":[{"href":"https:\/\/www.montblancproductions.fr\/en\/wp-json\/wp\/v2\/pages"}],"about":[{"href":"https:\/\/www.montblancproductions.fr\/en\/wp-json\/wp\/v2\/types\/page"}],"author":[{"embeddable":true,"href":"https:\/\/www.montblancproductions.fr\/en\/wp-json\/wp\/v2\/users\/2"}],"replies":[{"embeddable":true,"href":"https:\/\/www.montblancproductions.fr\/en\/wp-json\/wp\/v2\/comments?post=362"}],"version-history":[{"count":2,"href":"https:\/\/www.montblancproductions.fr\/en\/wp-json\/wp\/v2\/pages\/362\/revisions"}],"predecessor-version":[{"id":364,"href":"https:\/\/www.montblancproductions.fr\/en\/wp-json\/wp\/v2\/pages\/362\/revisions\/364"}],"wp:attachment":[{"href":"https:\/\/www.montblancproductions.fr\/en\/wp-json\/wp\/v2\/media?parent=362"}],"curies":[{"name":"wp","href":"https:\/\/api.w.org\/{rel}","templated":true}]}}